{"id":25,"date":"2022-11-07T11:03:11","date_gmt":"2022-11-07T10:03:11","guid":{"rendered":"https:\/\/www.myli-immobilier.fr\/?page_id=25"},"modified":"2022-11-07T17:17:17","modified_gmt":"2022-11-07T16:17:17","slug":"outil-de-peuplement","status":"publish","type":"page","link":"https:\/\/www.myli-immobilier.fr\/index.php\/outil-de-peuplement\/","title":{"rendered":"Outil de peuplement"},"content":{"rendered":"\t\t<div data-elementor-type=\"wp-page\" data-elementor-id=\"25\" class=\"elementor elementor-25\">\n\t\t\t\t\t\t<section class=\"elementor-section elementor-top-section elementor-element elementor-element-f4cb918 elementor-section-boxed elementor-section-height-default elementor-section-height-default\" data-id=\"f4cb918\" data-element_type=\"section\" data-e-type=\"section\">\n\t\t\t\t\t\t<div class=\"elementor-container elementor-column-gap-default\">\n\t\t\t\t\t<div class=\"elementor-column elementor-col-100 elementor-top-column elementor-element elementor-element-80b1e4e\" data-id=\"80b1e4e\" data-element_type=\"column\" data-e-type=\"column\">\n\t\t\t<div class=\"elementor-widget-wrap elementor-element-populated\">\n\t\t\t\t\t\t<div class=\"elementor-element elementor-element-4c52836 elementor-widget elementor-widget-image\" data-id=\"4c52836\" data-element_type=\"widget\" data-e-type=\"widget\" data-widget_type=\"image.default\">\n\t\t\t\t<div class=\"elementor-widget-container\">\n\t\t\t\t\t\t\t\t\t\t\t\t\t\t\t<img fetchpriority=\"high\" decoding=\"async\" width=\"2560\" height=\"1792\" src=\"https:\/\/www.myli-immobilier.fr\/wp-content\/uploads\/2022\/11\/Pougny_Interieur-c40-v1a-scaled.jpg\" class=\"attachment-full size-full wp-image-115\" alt=\"\" srcset=\"https:\/\/www.myli-immobilier.fr\/wp-content\/uploads\/2022\/11\/Pougny_Interieur-c40-v1a-scaled.jpg 2560w, https:\/\/www.myli-immobilier.fr\/wp-content\/uploads\/2022\/11\/Pougny_Interieur-c40-v1a-300x210.jpg 300w, https:\/\/www.myli-immobilier.fr\/wp-content\/uploads\/2022\/11\/Pougny_Interieur-c40-v1a-1024x717.jpg 1024w, https:\/\/www.myli-immobilier.fr\/wp-content\/uploads\/2022\/11\/Pougny_Interieur-c40-v1a-768x538.jpg 768w, https:\/\/www.myli-immobilier.fr\/wp-content\/uploads\/2022\/11\/Pougny_Interieur-c40-v1a-1536x1075.jpg 1536w, https:\/\/www.myli-immobilier.fr\/wp-content\/uploads\/2022\/11\/Pougny_Interieur-c40-v1a-2048x1434.jpg 2048w\" sizes=\"(max-width: 2560px) 100vw, 2560px\" \/>\t\t\t\t\t\t\t\t\t\t\t\t\t\t\t<\/div>\n\t\t\t\t<\/div>\n\t\t\t\t\t<\/div>\n\t\t<\/div>\n\t\t\t\t\t<\/div>\n\t\t<\/section>\n\t\t\t\t<section class=\"elementor-section elementor-top-section elementor-element elementor-element-c10d894 elementor-section-boxed elementor-section-height-default elementor-section-height-default\" data-id=\"c10d894\" data-element_type=\"section\" data-e-type=\"section\">\n\t\t\t\t\t\t<div class=\"elementor-container elementor-column-gap-default\">\n\t\t\t\t\t<div class=\"elementor-column elementor-col-100 elementor-top-column elementor-element elementor-element-529f08f\" data-id=\"529f08f\" data-element_type=\"column\" data-e-type=\"column\">\n\t\t\t<div class=\"elementor-widget-wrap elementor-element-populated\">\n\t\t\t\t\t\t<div class=\"elementor-element elementor-element-24f28f4 elementor-widget elementor-widget-spacer\" data-id=\"24f28f4\" data-element_type=\"widget\" data-e-type=\"widget\" data-widget_type=\"spacer.default\">\n\t\t\t\t<div class=\"elementor-widget-container\">\n\t\t\t\t\t\t\t<div class=\"elementor-spacer\">\n\t\t\t<div class=\"elementor-spacer-inner\"><\/div>\n\t\t<\/div>\n\t\t\t\t\t\t<\/div>\n\t\t\t\t<\/div>\n\t\t\t\t<div class=\"elementor-element elementor-element-04f8149 elementor-widget elementor-widget-heading\" data-id=\"04f8149\" data-element_type=\"widget\" data-e-type=\"widget\" data-widget_type=\"heading.default\">\n\t\t\t\t<div class=\"elementor-widget-container\">\n\t\t\t\t\t<h2 class=\"elementor-heading-title elementor-size-default\">MYLI, un nouvel outil de peuplement <br>\u00e0 destination des territoires<\/h2>\t\t\t\t<\/div>\n\t\t\t\t<\/div>\n\t\t\t\t\t<\/div>\n\t\t<\/div>\n\t\t\t\t\t<\/div>\n\t\t<\/section>\n\t\t\t\t<section class=\"elementor-section elementor-top-section elementor-element elementor-element-d1b0f04 elementor-section-boxed elementor-section-height-default elementor-section-height-default\" data-id=\"d1b0f04\" data-element_type=\"section\" data-e-type=\"section\">\n\t\t\t\t\t\t<div class=\"elementor-container elementor-column-gap-default\">\n\t\t\t\t\t<div class=\"elementor-column elementor-col-100 elementor-top-column elementor-element elementor-element-89df589\" data-id=\"89df589\" data-element_type=\"column\" data-e-type=\"column\">\n\t\t\t<div class=\"elementor-widget-wrap elementor-element-populated\">\n\t\t\t\t\t\t<div class=\"elementor-element elementor-element-5ec240a elementor-widget elementor-widget-spacer\" data-id=\"5ec240a\" data-element_type=\"widget\" data-e-type=\"widget\" data-widget_type=\"spacer.default\">\n\t\t\t\t<div class=\"elementor-widget-container\">\n\t\t\t\t\t\t\t<div class=\"elementor-spacer\">\n\t\t\t<div class=\"elementor-spacer-inner\"><\/div>\n\t\t<\/div>\n\t\t\t\t\t\t<\/div>\n\t\t\t\t<\/div>\n\t\t\t\t<div class=\"elementor-element elementor-element-99ed5f1 elementor-widget elementor-widget-toggle\" data-id=\"99ed5f1\" data-element_type=\"widget\" data-e-type=\"widget\" data-widget_type=\"toggle.default\">\n\t\t\t\t<div class=\"elementor-widget-container\">\n\t\t\t\t\t\t\t<div class=\"elementor-toggle\">\n\t\t\t\t\t\t\t<div class=\"elementor-toggle-item\">\n\t\t\t\t\t<div id=\"elementor-tab-title-1611\" class=\"elementor-tab-title\" data-tab=\"1\" role=\"button\" aria-controls=\"elementor-tab-content-1611\" aria-expanded=\"false\">\n\t\t\t\t\t\t\t\t\t\t\t\t<span class=\"elementor-toggle-icon elementor-toggle-icon-left\" aria-hidden=\"true\">\n\t\t\t\t\t\t\t\t\t\t\t\t\t\t\t<span class=\"elementor-toggle-icon-closed\"><i class=\"fas fa-chevron-down\"><\/i><\/span>\n\t\t\t\t\t\t\t\t<span class=\"elementor-toggle-icon-opened\"><i class=\"elementor-toggle-icon-opened fas fa-chevron-up\"><\/i><\/span>\n\t\t\t\t\t\t\t\t\t\t\t\t\t<\/span>\n\t\t\t\t\t\t\t\t\t\t\t\t<a class=\"elementor-toggle-title\" tabindex=\"0\">Garantir la mixit\u00e9 sociale<\/a>\n\t\t\t\t\t<\/div>\n\n\t\t\t\t\t<div id=\"elementor-tab-content-1611\" class=\"elementor-tab-content elementor-clearfix\" data-tab=\"1\" role=\"region\" aria-labelledby=\"elementor-tab-title-1611\"><p>Le logement interm\u00e9diaire offre une solution p\u00e9renne aux collectivit\u00e9s locales qui souhaitent <strong>s\u00e9curiser la pr\u00e9sence d\u2019actifs aux revenus moyens sur leurs territoires.<\/strong> Il garantit la mixit\u00e9 sociale puisque tout programme interm\u00e9diaire est n\u00e9cessairement accompagn\u00e9 de 25 % de logements sociaux. C\u2019est donc une r\u00e9ponse au besoin en logement des m\u00e9nages aux revenus moyens qui garantit une nouvelle offre de logement social pour les m\u00e9nages modestes.<\/p><\/div>\n\t\t\t\t<\/div>\n\t\t\t\t\t\t\t<div class=\"elementor-toggle-item\">\n\t\t\t\t\t<div id=\"elementor-tab-title-1612\" class=\"elementor-tab-title\" data-tab=\"2\" role=\"button\" aria-controls=\"elementor-tab-content-1612\" aria-expanded=\"false\">\n\t\t\t\t\t\t\t\t\t\t\t\t<span class=\"elementor-toggle-icon elementor-toggle-icon-left\" aria-hidden=\"true\">\n\t\t\t\t\t\t\t\t\t\t\t\t\t\t\t<span class=\"elementor-toggle-icon-closed\"><i class=\"fas fa-chevron-down\"><\/i><\/span>\n\t\t\t\t\t\t\t\t<span class=\"elementor-toggle-icon-opened\"><i class=\"elementor-toggle-icon-opened fas fa-chevron-up\"><\/i><\/span>\n\t\t\t\t\t\t\t\t\t\t\t\t\t<\/span>\n\t\t\t\t\t\t\t\t\t\t\t\t<a class=\"elementor-toggle-title\" tabindex=\"0\">Offrir un parcours r\u00e9sidentiel en favorisant l\u2019accession \u00e0 la propri\u00e9t\u00e9<\/a>\n\t\t\t\t\t<\/div>\n\n\t\t\t\t\t<div id=\"elementor-tab-content-1612\" class=\"elementor-tab-content elementor-clearfix\" data-tab=\"2\" role=\"region\" aria-labelledby=\"elementor-tab-title-1612\"><p>Le logement interm\u00e9diaire offre aux m\u00e9nages qui le souhaitent la <strong>possibilit\u00e9 d\u2019acheter<\/strong> leur logement apr\u00e8s 10 ans d\u2019occupation.\u00a0<\/p><\/div>\n\t\t\t\t<\/div>\n\t\t\t\t\t\t\t<div class=\"elementor-toggle-item\">\n\t\t\t\t\t<div id=\"elementor-tab-title-1613\" class=\"elementor-tab-title\" data-tab=\"3\" role=\"button\" aria-controls=\"elementor-tab-content-1613\" aria-expanded=\"false\">\n\t\t\t\t\t\t\t\t\t\t\t\t<span class=\"elementor-toggle-icon elementor-toggle-icon-left\" aria-hidden=\"true\">\n\t\t\t\t\t\t\t\t\t\t\t\t\t\t\t<span class=\"elementor-toggle-icon-closed\"><i class=\"fas fa-chevron-down\"><\/i><\/span>\n\t\t\t\t\t\t\t\t<span class=\"elementor-toggle-icon-opened\"><i class=\"elementor-toggle-icon-opened fas fa-chevron-up\"><\/i><\/span>\n\t\t\t\t\t\t\t\t\t\t\t\t\t<\/span>\n\t\t\t\t\t\t\t\t\t\t\t\t<a class=\"elementor-toggle-title\" tabindex=\"0\">Rendre au logement social sa fonction d'origine<\/a>\n\t\t\t\t\t<\/div>\n\n\t\t\t\t\t<div id=\"elementor-tab-content-1613\" class=\"elementor-tab-content elementor-clearfix\" data-tab=\"3\" role=\"region\" aria-labelledby=\"elementor-tab-title-1613\"><p>Le logement interm\u00e9diaire fluidifie le parc social en offrant aux locataires du parc social qui s\u2019acquittent d\u2019un Suppl\u00e9ment de Loyer de Solidarit\u00e9 (SLS) de nouvelles solutions de mobilit\u00e9, et <strong>lib\u00e8rent des logements dans le parc HLM.<\/strong><\/p><\/div>\n\t\t\t\t<\/div>\n\t\t\t\t\t\t\t<div class=\"elementor-toggle-item\">\n\t\t\t\t\t<div id=\"elementor-tab-title-1614\" class=\"elementor-tab-title\" data-tab=\"4\" role=\"button\" aria-controls=\"elementor-tab-content-1614\" aria-expanded=\"false\">\n\t\t\t\t\t\t\t\t\t\t\t\t<span class=\"elementor-toggle-icon elementor-toggle-icon-left\" aria-hidden=\"true\">\n\t\t\t\t\t\t\t\t\t\t\t\t\t\t\t<span class=\"elementor-toggle-icon-closed\"><i class=\"fas fa-chevron-down\"><\/i><\/span>\n\t\t\t\t\t\t\t\t<span class=\"elementor-toggle-icon-opened\"><i class=\"elementor-toggle-icon-opened fas fa-chevron-up\"><\/i><\/span>\n\t\t\t\t\t\t\t\t\t\t\t\t\t<\/span>\n\t\t\t\t\t\t\t\t\t\t\t\t<a class=\"elementor-toggle-title\" tabindex=\"0\">Proposer un dispositif de locatif sp\u00e9cifique<\/a>\n\t\t\t\t\t<\/div>\n\n\t\t\t\t\t<div id=\"elementor-tab-content-1614\" class=\"elementor-tab-content elementor-clearfix\" data-tab=\"4\" role=\"region\" aria-labelledby=\"elementor-tab-title-1614\"><p>L\u2019attribution d\u2019un logement interm\u00e9diaire n\u2019exige <strong>aucun un passage en commission d\u2019attribution.<\/strong> Le client obtient une r\u00e9ponse imm\u00e9diate d\u00e8s le d\u00e9p\u00f4t de candidature. La commercialisation est r\u00e9alis\u00e9e par des professionnels de l\u2019immobilier.<\/p><\/div>\n\t\t\t\t<\/div>\n\t\t\t\t\t\t\t<div class=\"elementor-toggle-item\">\n\t\t\t\t\t<div id=\"elementor-tab-title-1615\" class=\"elementor-tab-title\" data-tab=\"5\" role=\"button\" aria-controls=\"elementor-tab-content-1615\" aria-expanded=\"false\">\n\t\t\t\t\t\t\t\t\t\t\t\t<span class=\"elementor-toggle-icon elementor-toggle-icon-left\" aria-hidden=\"true\">\n\t\t\t\t\t\t\t\t\t\t\t\t\t\t\t<span class=\"elementor-toggle-icon-closed\"><i class=\"fas fa-chevron-down\"><\/i><\/span>\n\t\t\t\t\t\t\t\t<span class=\"elementor-toggle-icon-opened\"><i class=\"elementor-toggle-icon-opened fas fa-chevron-up\"><\/i><\/span>\n\t\t\t\t\t\t\t\t\t\t\t\t\t<\/span>\n\t\t\t\t\t\t\t\t\t\t\t\t<a class=\"elementor-toggle-title\" tabindex=\"0\">Assurer une gestion locative de qualit\u00e9 associ\u00e9e \u00e0 une \u00e9coute client permanente<\/a>\n\t\t\t\t\t<\/div>\n\n\t\t\t\t\t<div id=\"elementor-tab-content-1615\" class=\"elementor-tab-content elementor-clearfix\" data-tab=\"5\" role=\"region\" aria-labelledby=\"elementor-tab-title-1615\"><p>Le Groupe Dynacit\u00e9 assurera la gestion locative de son patrimoine.<\/p><\/div>\n\t\t\t\t<\/div>\n\t\t\t\t\t\t\t\t<\/div>\n\t\t\t\t\t\t<\/div>\n\t\t\t\t<\/div>\n\t\t\t\t\t<\/div>\n\t\t<\/div>\n\t\t\t\t\t<\/div>\n\t\t<\/section>\n\t\t\t\t<section class=\"elementor-section elementor-top-section elementor-element elementor-element-2e76bdf elementor-section-boxed elementor-section-height-default elementor-section-height-default\" data-id=\"2e76bdf\" data-element_type=\"section\" data-e-type=\"section\">\n\t\t\t\t\t\t<div class=\"elementor-container elementor-column-gap-default\">\n\t\t\t\t\t<div class=\"elementor-column elementor-col-100 elementor-top-column elementor-element elementor-element-7b29c5d\" data-id=\"7b29c5d\" data-element_type=\"column\" data-e-type=\"column\">\n\t\t\t<div class=\"elementor-widget-wrap elementor-element-populated\">\n\t\t\t\t\t\t<div class=\"elementor-element elementor-element-6e7e059 elementor-widget elementor-widget-spacer\" data-id=\"6e7e059\" data-element_type=\"widget\" data-e-type=\"widget\" data-widget_type=\"spacer.default\">\n\t\t\t\t<div class=\"elementor-widget-container\">\n\t\t\t\t\t\t\t<div class=\"elementor-spacer\">\n\t\t\t<div class=\"elementor-spacer-inner\"><\/div>\n\t\t<\/div>\n\t\t\t\t\t\t<\/div>\n\t\t\t\t<\/div>\n\t\t\t\t\t<\/div>\n\t\t<\/div>\n\t\t\t\t\t<\/div>\n\t\t<\/section>\n\t\t\t\t<\/div>\n\t\t","protected":false},"excerpt":{"rendered":"<p>MYLI, un nouvel outil de peuplement \u00e0 destination des territoires Garantir la mixit\u00e9 sociale Le logement interm\u00e9diaire offre une solution p\u00e9renne aux collectivit\u00e9s locales qui souhaitent s\u00e9curiser la pr\u00e9sence d\u2019actifs aux revenus moyens sur leurs territoires. Il garantit la mixit\u00e9 sociale puisque tout programme interm\u00e9diaire est n\u00e9cessairement accompagn\u00e9 de 25 % de logements sociaux. C\u2019est [&hellip;]<\/p>\n","protected":false},"author":1,"featured_media":0,"parent":0,"menu_order":0,"comment_status":"closed","ping_status":"closed","template":"","meta":{"footnotes":""},"class_list":["post-25","page","type-page","status-publish","hentry"],"yoast_head":"<!-- This site is optimized with the Yoast SEO plugin v27.5 - https:\/\/yoast.com\/product\/yoast-seo-wordpress\/ -->\n<title>Outil de peuplement - MyLi Immobilier<\/title>\n<meta name=\"robots\" content=\"index, follow, max-snippet:-1, max-image-preview:large, max-video-preview:-1\" \/>\n<link rel=\"canonical\" href=\"https:\/\/www.myli-immobilier.fr\/index.php\/outil-de-peuplement\/\" \/>\n<meta property=\"og:locale\" content=\"fr_FR\" \/>\n<meta property=\"og:type\" content=\"article\" \/>\n<meta property=\"og:title\" content=\"Outil de peuplement - MyLi Immobilier\" \/>\n<meta property=\"og:description\" content=\"MYLI, un nouvel outil de peuplement \u00e0 destination des territoires Garantir la mixit\u00e9 sociale Le logement interm\u00e9diaire offre une solution p\u00e9renne aux collectivit\u00e9s locales qui souhaitent s\u00e9curiser la pr\u00e9sence d\u2019actifs aux revenus moyens sur leurs territoires. Il garantit la mixit\u00e9 sociale puisque tout programme interm\u00e9diaire est n\u00e9cessairement accompagn\u00e9 de 25 % de logements sociaux. C\u2019est [&hellip;]\" \/>\n<meta property=\"og:url\" content=\"https:\/\/www.myli-immobilier.fr\/index.php\/outil-de-peuplement\/\" \/>\n<meta property=\"og:site_name\" content=\"MyLi Immobilier\" \/>\n<meta property=\"article:publisher\" content=\"https:\/\/www.facebook.com\/MyLimmobilier\" \/>\n<meta property=\"article:modified_time\" content=\"2022-11-07T16:17:17+00:00\" \/>\n<meta property=\"og:image\" content=\"https:\/\/www.myli-immobilier.fr\/wp-content\/uploads\/2022\/11\/Pougny_Interieur-c40-v1a-scaled.jpg\" \/>\n<meta name=\"twitter:card\" content=\"summary_large_image\" \/>\n<meta name=\"twitter:site\" content=\"@myli_immobilier\" \/>\n<meta name=\"twitter:label1\" content=\"Dur\u00e9e de lecture estim\u00e9e\" \/>\n\t<meta name=\"twitter:data1\" content=\"2 minutes\" \/>\n<script type=\"application\/ld+json\" class=\"yoast-schema-graph\">{\"@context\":\"https:\\\/\\\/schema.org\",\"@graph\":[{\"@type\":\"WebPage\",\"@id\":\"https:\\\/\\\/www.myli-immobilier.fr\\\/index.php\\\/outil-de-peuplement\\\/\",\"url\":\"https:\\\/\\\/www.myli-immobilier.fr\\\/index.php\\\/outil-de-peuplement\\\/\",\"name\":\"Outil de peuplement - MyLi Immobilier\",\"isPartOf\":{\"@id\":\"https:\\\/\\\/www.myli-immobilier.fr\\\/#website\"},\"primaryImageOfPage\":{\"@id\":\"https:\\\/\\\/www.myli-immobilier.fr\\\/index.php\\\/outil-de-peuplement\\\/#primaryimage\"},\"image\":{\"@id\":\"https:\\\/\\\/www.myli-immobilier.fr\\\/index.php\\\/outil-de-peuplement\\\/#primaryimage\"},\"thumbnailUrl\":\"https:\\\/\\\/www.myli-immobilier.fr\\\/wp-content\\\/uploads\\\/2022\\\/11\\\/Pougny_Interieur-c40-v1a-scaled.jpg\",\"datePublished\":\"2022-11-07T10:03:11+00:00\",\"dateModified\":\"2022-11-07T16:17:17+00:00\",\"breadcrumb\":{\"@id\":\"https:\\\/\\\/www.myli-immobilier.fr\\\/index.php\\\/outil-de-peuplement\\\/#breadcrumb\"},\"inLanguage\":\"fr-FR\",\"potentialAction\":[{\"@type\":\"ReadAction\",\"target\":[\"https:\\\/\\\/www.myli-immobilier.fr\\\/index.php\\\/outil-de-peuplement\\\/\"]}]},{\"@type\":\"ImageObject\",\"inLanguage\":\"fr-FR\",\"@id\":\"https:\\\/\\\/www.myli-immobilier.fr\\\/index.php\\\/outil-de-peuplement\\\/#primaryimage\",\"url\":\"https:\\\/\\\/www.myli-immobilier.fr\\\/wp-content\\\/uploads\\\/2022\\\/11\\\/Pougny_Interieur-c40-v1a-scaled.jpg\",\"contentUrl\":\"https:\\\/\\\/www.myli-immobilier.fr\\\/wp-content\\\/uploads\\\/2022\\\/11\\\/Pougny_Interieur-c40-v1a-scaled.jpg\",\"width\":2560,\"height\":1792},{\"@type\":\"BreadcrumbList\",\"@id\":\"https:\\\/\\\/www.myli-immobilier.fr\\\/index.php\\\/outil-de-peuplement\\\/#breadcrumb\",\"itemListElement\":[{\"@type\":\"ListItem\",\"position\":1,\"name\":\"Accueil\",\"item\":\"https:\\\/\\\/www.myli-immobilier.fr\\\/\"},{\"@type\":\"ListItem\",\"position\":2,\"name\":\"Outil de peuplement\"}]},{\"@type\":\"WebSite\",\"@id\":\"https:\\\/\\\/www.myli-immobilier.fr\\\/#website\",\"url\":\"https:\\\/\\\/www.myli-immobilier.fr\\\/\",\"name\":\"MyLi Immobilier\",\"description\":\"Logement locatif interm\u00e9diaire en Auvergne Rh\u00f4ne-Alpes\",\"publisher\":{\"@id\":\"https:\\\/\\\/www.myli-immobilier.fr\\\/#organization\"},\"potentialAction\":[{\"@type\":\"SearchAction\",\"target\":{\"@type\":\"EntryPoint\",\"urlTemplate\":\"https:\\\/\\\/www.myli-immobilier.fr\\\/?s={search_term_string}\"},\"query-input\":{\"@type\":\"PropertyValueSpecification\",\"valueRequired\":true,\"valueName\":\"search_term_string\"}}],\"inLanguage\":\"fr-FR\"},{\"@type\":\"Organization\",\"@id\":\"https:\\\/\\\/www.myli-immobilier.fr\\\/#organization\",\"name\":\"MyLi Immobilier\",\"url\":\"https:\\\/\\\/www.myli-immobilier.fr\\\/\",\"logo\":{\"@type\":\"ImageObject\",\"inLanguage\":\"fr-FR\",\"@id\":\"https:\\\/\\\/www.myli-immobilier.fr\\\/#\\\/schema\\\/logo\\\/image\\\/\",\"url\":\"https:\\\/\\\/www.myli-immobilier.fr\\\/wp-content\\\/uploads\\\/2022\\\/11\\\/Logo_MyLi_couleur.png\",\"contentUrl\":\"https:\\\/\\\/www.myli-immobilier.fr\\\/wp-content\\\/uploads\\\/2022\\\/11\\\/Logo_MyLi_couleur.png\",\"width\":591,\"height\":591,\"caption\":\"MyLi Immobilier\"},\"image\":{\"@id\":\"https:\\\/\\\/www.myli-immobilier.fr\\\/#\\\/schema\\\/logo\\\/image\\\/\"},\"sameAs\":[\"https:\\\/\\\/www.facebook.com\\\/MyLimmobilier\",\"https:\\\/\\\/x.com\\\/myli_immobilier\"]}]}<\/script>\n<!-- \/ Yoast SEO plugin. -->","yoast_head_json":{"title":"Outil de peuplement - MyLi Immobilier","robots":{"index":"index","follow":"follow","max-snippet":"max-snippet:-1","max-image-preview":"max-image-preview:large","max-video-preview":"max-video-preview:-1"},"canonical":"https:\/\/www.myli-immobilier.fr\/index.php\/outil-de-peuplement\/","og_locale":"fr_FR","og_type":"article","og_title":"Outil de peuplement - MyLi Immobilier","og_description":"MYLI, un nouvel outil de peuplement \u00e0 destination des territoires Garantir la mixit\u00e9 sociale Le logement interm\u00e9diaire offre une solution p\u00e9renne aux collectivit\u00e9s locales qui souhaitent s\u00e9curiser la pr\u00e9sence d\u2019actifs aux revenus moyens sur leurs territoires. Il garantit la mixit\u00e9 sociale puisque tout programme interm\u00e9diaire est n\u00e9cessairement accompagn\u00e9 de 25 % de logements sociaux. C\u2019est [&hellip;]","og_url":"https:\/\/www.myli-immobilier.fr\/index.php\/outil-de-peuplement\/","og_site_name":"MyLi Immobilier","article_publisher":"https:\/\/www.facebook.com\/MyLimmobilier","article_modified_time":"2022-11-07T16:17:17+00:00","og_image":[{"url":"https:\/\/www.myli-immobilier.fr\/wp-content\/uploads\/2022\/11\/Pougny_Interieur-c40-v1a-scaled.jpg","type":"","width":"","height":""}],"twitter_card":"summary_large_image","twitter_site":"@myli_immobilier","twitter_misc":{"Dur\u00e9e de lecture estim\u00e9e":"2 minutes"},"schema":{"@context":"https:\/\/schema.org","@graph":[{"@type":"WebPage","@id":"https:\/\/www.myli-immobilier.fr\/index.php\/outil-de-peuplement\/","url":"https:\/\/www.myli-immobilier.fr\/index.php\/outil-de-peuplement\/","name":"Outil de peuplement - MyLi Immobilier","isPartOf":{"@id":"https:\/\/www.myli-immobilier.fr\/#website"},"primaryImageOfPage":{"@id":"https:\/\/www.myli-immobilier.fr\/index.php\/outil-de-peuplement\/#primaryimage"},"image":{"@id":"https:\/\/www.myli-immobilier.fr\/index.php\/outil-de-peuplement\/#primaryimage"},"thumbnailUrl":"https:\/\/www.myli-immobilier.fr\/wp-content\/uploads\/2022\/11\/Pougny_Interieur-c40-v1a-scaled.jpg","datePublished":"2022-11-07T10:03:11+00:00","dateModified":"2022-11-07T16:17:17+00:00","breadcrumb":{"@id":"https:\/\/www.myli-immobilier.fr\/index.php\/outil-de-peuplement\/#breadcrumb"},"inLanguage":"fr-FR","potentialAction":[{"@type":"ReadAction","target":["https:\/\/www.myli-immobilier.fr\/index.php\/outil-de-peuplement\/"]}]},{"@type":"ImageObject","inLanguage":"fr-FR","@id":"https:\/\/www.myli-immobilier.fr\/index.php\/outil-de-peuplement\/#primaryimage","url":"https:\/\/www.myli-immobilier.fr\/wp-content\/uploads\/2022\/11\/Pougny_Interieur-c40-v1a-scaled.jpg","contentUrl":"https:\/\/www.myli-immobilier.fr\/wp-content\/uploads\/2022\/11\/Pougny_Interieur-c40-v1a-scaled.jpg","width":2560,"height":1792},{"@type":"BreadcrumbList","@id":"https:\/\/www.myli-immobilier.fr\/index.php\/outil-de-peuplement\/#breadcrumb","itemListElement":[{"@type":"ListItem","position":1,"name":"Accueil","item":"https:\/\/www.myli-immobilier.fr\/"},{"@type":"ListItem","position":2,"name":"Outil de peuplement"}]},{"@type":"WebSite","@id":"https:\/\/www.myli-immobilier.fr\/#website","url":"https:\/\/www.myli-immobilier.fr\/","name":"MyLi Immobilier","description":"Logement locatif interm\u00e9diaire en Auvergne Rh\u00f4ne-Alpes","publisher":{"@id":"https:\/\/www.myli-immobilier.fr\/#organization"},"potentialAction":[{"@type":"SearchAction","target":{"@type":"EntryPoint","urlTemplate":"https:\/\/www.myli-immobilier.fr\/?s={search_term_string}"},"query-input":{"@type":"PropertyValueSpecification","valueRequired":true,"valueName":"search_term_string"}}],"inLanguage":"fr-FR"},{"@type":"Organization","@id":"https:\/\/www.myli-immobilier.fr\/#organization","name":"MyLi Immobilier","url":"https:\/\/www.myli-immobilier.fr\/","logo":{"@type":"ImageObject","inLanguage":"fr-FR","@id":"https:\/\/www.myli-immobilier.fr\/#\/schema\/logo\/image\/","url":"https:\/\/www.myli-immobilier.fr\/wp-content\/uploads\/2022\/11\/Logo_MyLi_couleur.png","contentUrl":"https:\/\/www.myli-immobilier.fr\/wp-content\/uploads\/2022\/11\/Logo_MyLi_couleur.png","width":591,"height":591,"caption":"MyLi Immobilier"},"image":{"@id":"https:\/\/www.myli-immobilier.fr\/#\/schema\/logo\/image\/"},"sameAs":["https:\/\/www.facebook.com\/MyLimmobilier","https:\/\/x.com\/myli_immobilier"]}]}},"_links":{"self":[{"href":"https:\/\/www.myli-immobilier.fr\/index.php\/wp-json\/wp\/v2\/pages\/25","targetHints":{"allow":["GET"]}}],"collection":[{"href":"https:\/\/www.myli-immobilier.fr\/index.php\/wp-json\/wp\/v2\/pages"}],"about":[{"href":"https:\/\/www.myli-immobilier.fr\/index.php\/wp-json\/wp\/v2\/types\/page"}],"author":[{"embeddable":true,"href":"https:\/\/www.myli-immobilier.fr\/index.php\/wp-json\/wp\/v2\/users\/1"}],"replies":[{"embeddable":true,"href":"https:\/\/www.myli-immobilier.fr\/index.php\/wp-json\/wp\/v2\/comments?post=25"}],"version-history":[{"count":16,"href":"https:\/\/www.myli-immobilier.fr\/index.php\/wp-json\/wp\/v2\/pages\/25\/revisions"}],"predecessor-version":[{"id":277,"href":"https:\/\/www.myli-immobilier.fr\/index.php\/wp-json\/wp\/v2\/pages\/25\/revisions\/277"}],"wp:attachment":[{"href":"https:\/\/www.myli-immobilier.fr\/index.php\/wp-json\/wp\/v2\/media?parent=25"}],"curies":[{"name":"wp","href":"https:\/\/api.w.org\/{rel}","templated":true}]}}